{"id":617,"date":"2025-07-05T10:53:28","date_gmt":"2025-07-05T08:53:28","guid":{"rendered":"https:\/\/et-si-st-lunaire.fr\/?page_id=617"},"modified":"2025-07-05T11:46:52","modified_gmt":"2025-07-05T09:46:52","slug":"evenements-citoyens","status":"publish","type":"page","link":"https:\/\/et-si-st-lunaire.fr\/?page_id=617","title":{"rendered":"\u00c9v\u00e8nements Citoyens"},"content":{"rendered":"\n<div class=\"wp-block-group has-global-padding is-layout-constrained wp-block-group-is-layout-constrained\">\n<h4 class=\"wp-block-heading\">Les Cr\u00eapes Citoyennes du 23 juin 2025<\/h4>\n\n\n\n<p>Nous \u00e9tions pr\u00e8s de 80 lunairiennes et lunairiens \u00e0 nous r\u00e9unir \u00e0 la <strong>Cr\u00eaperie L\u2019Amiraut\u00e9<\/strong>&nbsp;pour r\u00e9fl\u00e9chir ensemble \u00e0 comment r\u00e9inventer la convivialit\u00e9 \u00e0 Saint-Lunaire, pour une ville plus vivante au quotidien et toute l\u2019ann\u00e9e.<\/p>\n\n\n\n<p class=\"has-text-align-right\"><a href=\"https:\/\/et-si-st-lunaire.fr\/?page_id=618\" data-type=\"page\" data-id=\"618\">Lire la suite&#8230;<\/a><\/p>\n\n\n<div class=\"pgc-sgb-cb wp-block-pgcsimplygalleryblock-justified \" data-gallery-id=\"5a110074\"><div class=\"sgb-preloader\" id=\"pr_5a110074\">\n\t<div class=\"sgb-square\" style=\"background:#d4d4d4\"><\/div>\n\t<div class=\"sgb-square\" style=\"background:#d4d4d4\"><\/div>\n\t<div class=\"sgb-square\" style=\"background:#d4d4d4\"><\/div>\n\t<div class=\"sgb-square\" style=\"background:#d4d4d4\"><\/div><\/div><div class=\"simply-gallery-amp pgc_sgb_slider \"><noscript><div class=\"sgb-gallery\"><div class=\"sgb-item\"><a href=\"https:\/\/et-si-st-lunaire.fr\/?attachment_id=624\" target=\"_blank\"><img decoding=\"async\" alt=\"\" width=\"300\" height=\"225\" loading=\"lazy\" src=\"https:\/\/et-si-st-lunaire.fr\/wp-content\/uploads\/2025\/07\/IMG_0213-300x225.jpg\" srcset=\"https:\/\/et-si-st-lunaire.fr\/wp-content\/uploads\/2025\/07\/IMG_0213-300x225.jpg 300w,https:\/\/et-si-st-lunaire.fr\/wp-content\/uploads\/2025\/07\/IMG_0213-1024x768.jpg 1024w,https:\/\/et-si-st-lunaire.fr\/wp-content\/uploads\/2025\/07\/IMG_0213.jpg 2048w\" sizes=\"auto, 250px\"\/><\/a><\/div><div class=\"sgb-item\"><a href=\"https:\/\/et-si-st-lunaire.fr\/?attachment_id=633\" target=\"_blank\"><img decoding=\"async\" alt=\"\" width=\"225\" height=\"300\" loading=\"lazy\" src=\"https:\/\/et-si-st-lunaire.fr\/wp-content\/uploads\/2025\/07\/IMG_0122-225x300.jpg\" srcset=\"https:\/\/et-si-st-lunaire.fr\/wp-content\/uploads\/2025\/07\/IMG_0122-225x300.jpg 225w,https:\/\/et-si-st-lunaire.fr\/wp-content\/uploads\/2025\/07\/IMG_0122-768x1024.jpg 768w,https:\/\/et-si-st-lunaire.fr\/wp-content\/uploads\/2025\/07\/IMG_0122.jpg 1512w\" sizes=\"auto, 250px\"\/><\/a><\/div><div class=\"sgb-item\"><a href=\"https:\/\/et-si-st-lunaire.fr\/?attachment_id=644\" target=\"_blank\"><img decoding=\"async\" alt=\"\" width=\"300\" height=\"225\" loading=\"lazy\" src=\"https:\/\/et-si-st-lunaire.fr\/wp-content\/uploads\/2025\/07\/IMG_0222-300x225.jpg\" srcset=\"https:\/\/et-si-st-lunaire.fr\/wp-content\/uploads\/2025\/07\/IMG_0222-300x225.jpg 300w,https:\/\/et-si-st-lunaire.fr\/wp-content\/uploads\/2025\/07\/IMG_0222-1024x768.jpg 1024w,https:\/\/et-si-st-lunaire.fr\/wp-content\/uploads\/2025\/07\/IMG_0222.jpg 2048w\" sizes=\"auto, 250px\"\/><\/a><\/div><div class=\"sgb-item\"><a href=\"https:\/\/et-si-st-lunaire.fr\/?attachment_id=619\" target=\"_blank\"><img decoding=\"async\" alt=\"\" width=\"300\" height=\"225\" loading=\"lazy\" src=\"https:\/\/et-si-st-lunaire.fr\/wp-content\/uploads\/2025\/07\/IMG_0218-300x225.jpg\" srcset=\"https:\/\/et-si-st-lunaire.fr\/wp-content\/uploads\/2025\/07\/IMG_0218-300x225.jpg 300w,https:\/\/et-si-st-lunaire.fr\/wp-content\/uploads\/2025\/07\/IMG_0218-1024x768.jpg 1024w,https:\/\/et-si-st-lunaire.fr\/wp-content\/uploads\/2025\/07\/IMG_0218.jpg 2048w\" sizes=\"auto, 250px\"\/><\/a><\/div><\/div><\/noscript><\/div><script type=\"application\/json\" class=\"sgb-data\">{\"lastRowFill\":true,\"collectionThumbRecomendedHeight\":100,\"galleryType\":\"pgc_sgb_justified\",\"galleryId\":\"5a110074\",\"images\":[{\"id\":624,\"title\":\"IMG_0213\",\"url\":\"https:\/\/et-si-st-lunaire.fr\/wp-content\/uploads\/2025\/07\/IMG_0213.jpg\",\"link\":\"https:\/\/et-si-st-lunaire.fr\/?attachment_id=624\",\"alt\":\"\",\"description\":\"\",\"caption\":\"\",\"mime\":\"image\/jpeg\",\"type\":\"image\",\"width\":2048,\"height\":1536,\"sizes\":{\"thumbnail\":{\"height\":150,\"width\":150,\"url\":\"https:\/\/et-si-st-lunaire.fr\/wp-content\/uploads\/2025\/07\/IMG_0213-150x150.jpg\",\"orientation\":\"landscape\"},\"medium\":{\"height\":225,\"width\":300,\"url\":\"https:\/\/et-si-st-lunaire.fr\/wp-content\/uploads\/2025\/07\/IMG_0213-300x225.jpg\",\"orientation\":\"landscape\"},\"large\":{\"height\":768,\"width\":1024,\"url\":\"https:\/\/et-si-st-lunaire.fr\/wp-content\/uploads\/2025\/07\/IMG_0213-1024x768.jpg\",\"orientation\":\"landscape\"},\"full\":{\"url\":\"https:\/\/et-si-st-lunaire.fr\/wp-content\/uploads\/2025\/07\/IMG_0213.jpg\",\"height\":1536,\"width\":2048,\"orientation\":\"landscape\"}},\"imageMeta\":{\"aperture\":\"0\",\"credit\":\"\",\"camera\":\"\",\"caption\":\"\",\"created_timestamp\":\"0\",\"copyright\":\"\",\"focal_length\":\"0\",\"iso\":\"0\",\"shutter_speed\":\"0\",\"title\":\"\",\"orientation\":\"1\",\"keywords\":[]},\"meta\":false,\"postlink\":\"https:\/\/et-si-st-lunaire.fr\/?attachment_id=624\"},{\"id\":633,\"title\":\"IMG_0122\",\"url\":\"https:\/\/et-si-st-lunaire.fr\/wp-content\/uploads\/2025\/07\/IMG_0122.jpg\",\"link\":\"https:\/\/et-si-st-lunaire.fr\/?attachment_id=633\",\"alt\":\"\",\"description\":\"\",\"caption\":\"\",\"mime\":\"image\/jpeg\",\"type\":\"image\",\"width\":1512,\"height\":2016,\"sizes\":{\"thumbnail\":{\"height\":150,\"width\":150,\"url\":\"https:\/\/et-si-st-lunaire.fr\/wp-content\/uploads\/2025\/07\/IMG_0122-150x150.jpg\",\"orientation\":\"landscape\"},\"medium\":{\"height\":300,\"width\":225,\"url\":\"https:\/\/et-si-st-lunaire.fr\/wp-content\/uploads\/2025\/07\/IMG_0122-225x300.jpg\",\"orientation\":\"portrait\"},\"large\":{\"height\":1024,\"width\":768,\"url\":\"https:\/\/et-si-st-lunaire.fr\/wp-content\/uploads\/2025\/07\/IMG_0122-768x1024.jpg\",\"orientation\":\"portrait\"},\"full\":{\"url\":\"https:\/\/et-si-st-lunaire.fr\/wp-content\/uploads\/2025\/07\/IMG_0122.jpg\",\"height\":2016,\"width\":1512,\"orientation\":\"portrait\"}},\"imageMeta\":{\"aperture\":\"1.8\",\"credit\":\"\",\"camera\":\"iPhone XS\",\"caption\":\"\",\"created_timestamp\":\"1750702807\",\"copyright\":\"\",\"focal_length\":\"4.25\",\"iso\":\"25\",\"shutter_speed\":\"0.0008298755186722\",\"title\":\"\",\"orientation\":\"1\",\"keywords\":[]},\"meta\":false,\"postlink\":\"https:\/\/et-si-st-lunaire.fr\/?attachment_id=633\"},{\"id\":644,\"title\":\"IMG_0222\",\"url\":\"https:\/\/et-si-st-lunaire.fr\/wp-content\/uploads\/2025\/07\/IMG_0222.jpg\",\"link\":\"https:\/\/et-si-st-lunaire.fr\/?attachment_id=644\",\"alt\":\"\",\"description\":\"\",\"caption\":\"\",\"mime\":\"image\/jpeg\",\"type\":\"image\",\"width\":2048,\"height\":1536,\"sizes\":{\"thumbnail\":{\"height\":150,\"width\":150,\"url\":\"https:\/\/et-si-st-lunaire.fr\/wp-content\/uploads\/2025\/07\/IMG_0222-150x150.jpg\",\"orientation\":\"landscape\"},\"medium\":{\"height\":225,\"width\":300,\"url\":\"https:\/\/et-si-st-lunaire.fr\/wp-content\/uploads\/2025\/07\/IMG_0222-300x225.jpg\",\"orientation\":\"landscape\"},\"large\":{\"height\":768,\"width\":1024,\"url\":\"https:\/\/et-si-st-lunaire.fr\/wp-content\/uploads\/2025\/07\/IMG_0222-1024x768.jpg\",\"orientation\":\"landscape\"},\"full\":{\"url\":\"https:\/\/et-si-st-lunaire.fr\/wp-content\/uploads\/2025\/07\/IMG_0222.jpg\",\"height\":1536,\"width\":2048,\"orientation\":\"landscape\"}},\"imageMeta\":{\"aperture\":\"0\",\"credit\":\"\",\"camera\":\"\",\"caption\":\"\",\"created_timestamp\":\"0\",\"copyright\":\"\",\"focal_length\":\"0\",\"iso\":\"0\",\"shutter_speed\":\"0\",\"title\":\"\",\"orientation\":\"1\",\"keywords\":[]},\"meta\":false,\"postlink\":\"https:\/\/et-si-st-lunaire.fr\/?attachment_id=644\"},{\"id\":619,\"title\":\"IMG_0218\",\"url\":\"https:\/\/et-si-st-lunaire.fr\/wp-content\/uploads\/2025\/07\/IMG_0218.jpg\",\"link\":\"https:\/\/et-si-st-lunaire.fr\/?attachment_id=619\",\"alt\":\"\",\"description\":\"\",\"caption\":\"\",\"mime\":\"image\/jpeg\",\"type\":\"image\",\"width\":2048,\"height\":1536,\"sizes\":{\"thumbnail\":{\"height\":150,\"width\":150,\"url\":\"https:\/\/et-si-st-lunaire.fr\/wp-content\/uploads\/2025\/07\/IMG_0218-150x150.jpg\",\"orientation\":\"landscape\"},\"medium\":{\"height\":225,\"width\":300,\"url\":\"https:\/\/et-si-st-lunaire.fr\/wp-content\/uploads\/2025\/07\/IMG_0218-300x225.jpg\",\"orientation\":\"landscape\"},\"large\":{\"height\":768,\"width\":1024,\"url\":\"https:\/\/et-si-st-lunaire.fr\/wp-content\/uploads\/2025\/07\/IMG_0218-1024x768.jpg\",\"orientation\":\"landscape\"},\"full\":{\"url\":\"https:\/\/et-si-st-lunaire.fr\/wp-content\/uploads\/2025\/07\/IMG_0218.jpg\",\"height\":1536,\"width\":2048,\"orientation\":\"landscape\"}},\"imageMeta\":{\"aperture\":\"0\",\"credit\":\"\",\"camera\":\"\",\"caption\":\"\",\"created_timestamp\":\"0\",\"copyright\":\"\",\"focal_length\":\"0\",\"iso\":\"0\",\"shutter_speed\":\"0\",\"title\":\"\",\"orientation\":\"1\",\"keywords\":[]},\"meta\":false,\"postlink\":\"https:\/\/et-si-st-lunaire.fr\/?attachment_id=619\"}],\"itemsMetaDataCollection\":[]}<\/script><script>(function(){if(window.PGC_SGB && window.PGC_SGB.searcher){window.PGC_SGB.searcher.initBlocks()}})()<\/script><\/div><\/div>\n\n\n\n<div class=\"wp-block-group has-global-padding is-layout-constrained wp-block-group-is-layout-constrained\">\n<h4 class=\"wp-block-heading\">Le Forum Citoyen du 27 avril 2025<\/h4>\n\n\n\n<p>Nous \u00e9tions plus de 70 personnes \u00e0 ce premier Forum Citoyen de Saint-Lunaire. Comment ne pas se r\u00e9jouir du travail accompli ce dimanche ! Il en ressort de nombreuses id\u00e9es et propositions pour am\u00e9liorer notre qualit\u00e9 de vie et notre quotidien. Nous allons publier prochainement, l&rsquo;ensemble des restitutions des ateliers ainsi que l&rsquo;\u00e9valuation de ce premier forum&#8230;<\/p>\n\n\n\n<p class=\"has-text-align-right\"><a href=\"https:\/\/et-si-st-lunaire.fr\/?page_id=514\" data-type=\"page\" data-id=\"514\">Lire la suite&#8230;<\/a><\/p>\n\n\n<div class=\"pgc-sgb-cb wp-block-pgcsimplygalleryblock-justified \" data-gallery-id=\"5a110074\"><div class=\"sgb-preloader\" id=\"pr_5a110074\">\n\t<div class=\"sgb-square\" style=\"background:#d4d4d4\"><\/div>\n\t<div class=\"sgb-square\" style=\"background:#d4d4d4\"><\/div>\n\t<div class=\"sgb-square\" style=\"background:#d4d4d4\"><\/div>\n\t<div class=\"sgb-square\" style=\"background:#d4d4d4\"><\/div><\/div><div class=\"simply-gallery-amp pgc_sgb_slider \"><noscript><div class=\"sgb-gallery\"><div class=\"sgb-item\"><a href=\"https:\/\/et-si-st-lunaire.fr\/?attachment_id=542\" target=\"_blank\"><img decoding=\"async\" alt=\"\" width=\"300\" height=\"200\" loading=\"lazy\" src=\"https:\/\/et-si-st-lunaire.fr\/wp-content\/uploads\/2025\/05\/ambiance-3-300x200.jpg\" srcset=\"https:\/\/et-si-st-lunaire.fr\/wp-content\/uploads\/2025\/05\/ambiance-3-300x200.jpg 300w,https:\/\/et-si-st-lunaire.fr\/wp-content\/uploads\/2025\/05\/ambiance-3-1024x684.jpg 1024w,https:\/\/et-si-st-lunaire.fr\/wp-content\/uploads\/2025\/05\/ambiance-3.jpg 2048w\" sizes=\"auto, 250px\"\/><\/a><\/div><div class=\"sgb-item\"><a href=\"https:\/\/et-si-st-lunaire.fr\/?attachment_id=524\" target=\"_blank\"><img decoding=\"async\" alt=\"\" width=\"300\" height=\"200\" loading=\"lazy\" src=\"https:\/\/et-si-st-lunaire.fr\/wp-content\/uploads\/2025\/05\/place-du-marche-2-300x200.jpg\" srcset=\"https:\/\/et-si-st-lunaire.fr\/wp-content\/uploads\/2025\/05\/place-du-marche-2-300x200.jpg 300w,https:\/\/et-si-st-lunaire.fr\/wp-content\/uploads\/2025\/05\/place-du-marche-2-1024x684.jpg 1024w,https:\/\/et-si-st-lunaire.fr\/wp-content\/uploads\/2025\/05\/place-du-marche-2.jpg 2048w\" sizes=\"auto, 250px\"\/><\/a><\/div><div class=\"sgb-item\"><a href=\"https:\/\/et-si-st-lunaire.fr\/?attachment_id=539\" target=\"_blank\"><img decoding=\"async\" alt=\"\" width=\"300\" height=\"200\" loading=\"lazy\" src=\"https:\/\/et-si-st-lunaire.fr\/wp-content\/uploads\/2025\/05\/atelier-1-300x200.jpg\" srcset=\"https:\/\/et-si-st-lunaire.fr\/wp-content\/uploads\/2025\/05\/atelier-1-300x200.jpg 300w,https:\/\/et-si-st-lunaire.fr\/wp-content\/uploads\/2025\/05\/atelier-1-1024x684.jpg 1024w,https:\/\/et-si-st-lunaire.fr\/wp-content\/uploads\/2025\/05\/atelier-1.jpg 2048w\" sizes=\"auto, 250px\"\/><\/a><\/div><div class=\"sgb-item\"><a href=\"https:\/\/et-si-st-lunaire.fr\/?attachment_id=528\" target=\"_blank\"><img decoding=\"async\" alt=\"\" width=\"300\" height=\"200\" loading=\"lazy\" src=\"https:\/\/et-si-st-lunaire.fr\/wp-content\/uploads\/2025\/05\/mur-des-nouvelles-2-300x200.jpg\" srcset=\"https:\/\/et-si-st-lunaire.fr\/wp-content\/uploads\/2025\/05\/mur-des-nouvelles-2-300x200.jpg 300w,https:\/\/et-si-st-lunaire.fr\/wp-content\/uploads\/2025\/05\/mur-des-nouvelles-2-1024x684.jpg 1024w,https:\/\/et-si-st-lunaire.fr\/wp-content\/uploads\/2025\/05\/mur-des-nouvelles-2.jpg 2048w\" sizes=\"auto, 250px\"\/><\/a><\/div><\/div><\/noscript><\/div><script type=\"application\/json\" class=\"sgb-data\">{\"lastRowFill\":true,\"collectionThumbRecomendedHeight\":100,\"galleryType\":\"pgc_sgb_justified\",\"galleryId\":\"5a110074\",\"images\":[{\"id\":542,\"title\":\"ambiance 3\",\"url\":\"https:\/\/et-si-st-lunaire.fr\/wp-content\/uploads\/2025\/05\/ambiance-3.jpg\",\"link\":\"https:\/\/et-si-st-lunaire.fr\/?attachment_id=542\",\"alt\":\"\",\"description\":\"\",\"caption\":\"\",\"mime\":\"image\/jpeg\",\"type\":\"image\",\"width\":2048,\"height\":1367,\"sizes\":{\"thumbnail\":{\"height\":150,\"width\":150,\"url\":\"https:\/\/et-si-st-lunaire.fr\/wp-content\/uploads\/2025\/05\/ambiance-3-150x150.jpg\",\"orientation\":\"landscape\"},\"medium\":{\"height\":200,\"width\":300,\"url\":\"https:\/\/et-si-st-lunaire.fr\/wp-content\/uploads\/2025\/05\/ambiance-3-300x200.jpg\",\"orientation\":\"landscape\"},\"large\":{\"height\":684,\"width\":1024,\"url\":\"https:\/\/et-si-st-lunaire.fr\/wp-content\/uploads\/2025\/05\/ambiance-3-1024x684.jpg\",\"orientation\":\"landscape\"},\"full\":{\"url\":\"https:\/\/et-si-st-lunaire.fr\/wp-content\/uploads\/2025\/05\/ambiance-3.jpg\",\"height\":1367,\"width\":2048,\"orientation\":\"landscape\"}},\"imageMeta\":{\"aperture\":\"2.8\",\"credit\":\"\",\"camera\":\"NIKON D810\",\"caption\":\"\",\"created_timestamp\":\"1745766354\",\"copyright\":\"\",\"focal_length\":\"24\",\"iso\":\"400\",\"shutter_speed\":\"0.025\",\"title\":\"\",\"orientation\":\"1\",\"keywords\":[]},\"meta\":false,\"postlink\":\"https:\/\/et-si-st-lunaire.fr\/?attachment_id=542\"},{\"id\":524,\"title\":\"place du marche\u0301 2\",\"url\":\"https:\/\/et-si-st-lunaire.fr\/wp-content\/uploads\/2025\/05\/place-du-marche-2.jpg\",\"link\":\"https:\/\/et-si-st-lunaire.fr\/?attachment_id=524\",\"alt\":\"\",\"description\":\"\",\"caption\":\"\",\"mime\":\"image\/jpeg\",\"type\":\"image\",\"width\":2048,\"height\":1367,\"sizes\":{\"thumbnail\":{\"height\":150,\"width\":150,\"url\":\"https:\/\/et-si-st-lunaire.fr\/wp-content\/uploads\/2025\/05\/place-du-marche-2-150x150.jpg\",\"orientation\":\"landscape\"},\"medium\":{\"height\":200,\"width\":300,\"url\":\"https:\/\/et-si-st-lunaire.fr\/wp-content\/uploads\/2025\/05\/place-du-marche-2-300x200.jpg\",\"orientation\":\"landscape\"},\"large\":{\"height\":684,\"width\":1024,\"url\":\"https:\/\/et-si-st-lunaire.fr\/wp-content\/uploads\/2025\/05\/place-du-marche-2-1024x684.jpg\",\"orientation\":\"landscape\"},\"full\":{\"url\":\"https:\/\/et-si-st-lunaire.fr\/wp-content\/uploads\/2025\/05\/place-du-marche-2.jpg\",\"height\":1367,\"width\":2048,\"orientation\":\"landscape\"}},\"imageMeta\":{\"aperture\":\"2.8\",\"credit\":\"\",\"camera\":\"NIKON D810\",\"caption\":\"\",\"created_timestamp\":\"1745769580\",\"copyright\":\"\",\"focal_length\":\"70\",\"iso\":\"400\",\"shutter_speed\":\"0.0125\",\"title\":\"\",\"orientation\":\"1\",\"keywords\":[]},\"meta\":false,\"postlink\":\"https:\/\/et-si-st-lunaire.fr\/?attachment_id=524\"},{\"id\":539,\"title\":\"atelier 1\",\"url\":\"https:\/\/et-si-st-lunaire.fr\/wp-content\/uploads\/2025\/05\/atelier-1.jpg\",\"link\":\"https:\/\/et-si-st-lunaire.fr\/?attachment_id=539\",\"alt\":\"\",\"description\":\"\",\"caption\":\"\",\"mime\":\"image\/jpeg\",\"type\":\"image\",\"width\":2048,\"height\":1367,\"sizes\":{\"thumbnail\":{\"height\":150,\"width\":150,\"url\":\"https:\/\/et-si-st-lunaire.fr\/wp-content\/uploads\/2025\/05\/atelier-1-150x150.jpg\",\"orientation\":\"landscape\"},\"medium\":{\"height\":200,\"width\":300,\"url\":\"https:\/\/et-si-st-lunaire.fr\/wp-content\/uploads\/2025\/05\/atelier-1-300x200.jpg\",\"orientation\":\"landscape\"},\"large\":{\"height\":684,\"width\":1024,\"url\":\"https:\/\/et-si-st-lunaire.fr\/wp-content\/uploads\/2025\/05\/atelier-1-1024x684.jpg\",\"orientation\":\"landscape\"},\"full\":{\"url\":\"https:\/\/et-si-st-lunaire.fr\/wp-content\/uploads\/2025\/05\/atelier-1.jpg\",\"height\":1367,\"width\":2048,\"orientation\":\"landscape\"}},\"imageMeta\":{\"aperture\":\"2.8\",\"credit\":\"\",\"camera\":\"NIKON D810\",\"caption\":\"\",\"created_timestamp\":\"1745766341\",\"copyright\":\"\",\"focal_length\":\"24\",\"iso\":\"400\",\"shutter_speed\":\"0.0125\",\"title\":\"\",\"orientation\":\"1\",\"keywords\":[]},\"meta\":false,\"postlink\":\"https:\/\/et-si-st-lunaire.fr\/?attachment_id=539\"},{\"id\":528,\"title\":\"mur des nouvelles 2\",\"url\":\"https:\/\/et-si-st-lunaire.fr\/wp-content\/uploads\/2025\/05\/mur-des-nouvelles-2.jpg\",\"link\":\"https:\/\/et-si-st-lunaire.fr\/?attachment_id=528\",\"alt\":\"\",\"description\":\"\",\"caption\":\"\",\"mime\":\"image\/jpeg\",\"type\":\"image\",\"width\":2048,\"height\":1367,\"sizes\":{\"thumbnail\":{\"height\":150,\"width\":150,\"url\":\"https:\/\/et-si-st-lunaire.fr\/wp-content\/uploads\/2025\/05\/mur-des-nouvelles-2-150x150.jpg\",\"orientation\":\"landscape\"},\"medium\":{\"height\":200,\"width\":300,\"url\":\"https:\/\/et-si-st-lunaire.fr\/wp-content\/uploads\/2025\/05\/mur-des-nouvelles-2-300x200.jpg\",\"orientation\":\"landscape\"},\"large\":{\"height\":684,\"width\":1024,\"url\":\"https:\/\/et-si-st-lunaire.fr\/wp-content\/uploads\/2025\/05\/mur-des-nouvelles-2-1024x684.jpg\",\"orientation\":\"landscape\"},\"full\":{\"url\":\"https:\/\/et-si-st-lunaire.fr\/wp-content\/uploads\/2025\/05\/mur-des-nouvelles-2.jpg\",\"height\":1367,\"width\":2048,\"orientation\":\"landscape\"}},\"imageMeta\":{\"aperture\":\"2.8\",\"credit\":\"\",\"camera\":\"NIKON D810\",\"caption\":\"\",\"created_timestamp\":\"1745774951\",\"copyright\":\"\",\"focal_length\":\"70\",\"iso\":\"400\",\"shutter_speed\":\"0.02\",\"title\":\"\",\"orientation\":\"1\",\"keywords\":[]},\"meta\":false,\"postlink\":\"https:\/\/et-si-st-lunaire.fr\/?attachment_id=528\"}],\"itemsMetaDataCollection\":[]}<\/script><script>(function(){if(window.PGC_SGB && window.PGC_SGB.searcher){window.PGC_SGB.searcher.initBlocks()}})()<\/script><\/div><\/div>\n","protected":false},"excerpt":{"rendered":"<p>Les Cr\u00eapes Citoyennes du 23 juin 2025 Nous \u00e9tions pr\u00e8s de 80 lunairiennes et lunairiens \u00e0 nous r\u00e9unir \u00e0 la Cr\u00eaperie L\u2019Amiraut\u00e9&nbsp;pour r\u00e9fl\u00e9chir ensemble \u00e0 comment r\u00e9inventer la convivialit\u00e9 \u00e0 Saint-Lunaire, pour une ville plus vivante au quotidien et toute l\u2019ann\u00e9e. Lire la suite&#8230; Le Forum Citoyen du 27 avril 2025 Nous \u00e9tions plus de [&hellip;]<\/p>\n","protected":false},"author":1,"featured_media":0,"parent":0,"menu_order":0,"comment_status":"closed","ping_status":"closed","template":"","meta":{"pgc_sgb_lightbox_settings":"","footnotes":""},"class_list":["post-617","page","type-page","status-publish","hentry"],"_links":{"self":[{"href":"https:\/\/et-si-st-lunaire.fr\/index.php?rest_route=\/wp\/v2\/pages\/617","targetHints":{"allow":["GET"]}}],"collection":[{"href":"https:\/\/et-si-st-lunaire.fr\/index.php?rest_route=\/wp\/v2\/pages"}],"about":[{"href":"https:\/\/et-si-st-lunaire.fr\/index.php?rest_route=\/wp\/v2\/types\/page"}],"author":[{"embeddable":true,"href":"https:\/\/et-si-st-lunaire.fr\/index.php?rest_route=\/wp\/v2\/users\/1"}],"replies":[{"embeddable":true,"href":"https:\/\/et-si-st-lunaire.fr\/index.php?rest_route=%2Fwp%2Fv2%2Fcomments&post=617"}],"version-history":[{"count":3,"href":"https:\/\/et-si-st-lunaire.fr\/index.php?rest_route=\/wp\/v2\/pages\/617\/revisions"}],"predecessor-version":[{"id":655,"href":"https:\/\/et-si-st-lunaire.fr\/index.php?rest_route=\/wp\/v2\/pages\/617\/revisions\/655"}],"wp:attachment":[{"href":"https:\/\/et-si-st-lunaire.fr\/index.php?rest_route=%2Fwp%2Fv2%2Fmedia&parent=617"}],"curies":[{"name":"wp","href":"https:\/\/api.w.org\/{rel}","templated":true}]}}