{"id":130,"date":"2025-03-15T14:56:44","date_gmt":"2025-03-15T13:56:44","guid":{"rendered":"https:\/\/et-si-st-lunaire.fr\/?page_id=130"},"modified":"2025-03-20T09:40:02","modified_gmt":"2025-03-20T08:40:02","slug":"actualites","status":"publish","type":"page","link":"https:\/\/et-si-st-lunaire.fr\/?page_id=130","title":{"rendered":"actualit\u00e9s"},"content":{"rendered":"\n<div class=\"wp-block-group has-global-padding is-layout-constrained wp-container-core-group-is-layout-bbac5a6b wp-block-group-is-layout-constrained\" style=\"min-height:300px;margin-bottom:var(--wp--preset--spacing--40)\">\n<h3 class=\"wp-block-heading\">Nos actualit\u00e9s<\/h3>\n\n\n<ul style=\"margin-top:var(--wp--preset--spacing--40);\" class=\"wp-block-latest-posts__list has-dates has-author wp-block-latest-posts has-small-font-size\"><li><div class=\"wp-block-latest-posts__featured-image alignleft\"><a href=\"https:\/\/et-si-st-lunaire.fr\/?p=739\" aria-label=\"La liste citoyenne \u00ab\u00a0Saint-Lunaire c&rsquo;est Vous\u00a0\u00bb est lanc\u00e9e !\"><img loading=\"lazy\" decoding=\"async\" width=\"150\" height=\"150\" src=\"https:\/\/et-si-st-lunaire.fr\/wp-content\/uploads\/2025\/12\/Saint-Lunaire-cest-Vous-header-150x150.jpeg\" class=\"attachment-thumbnail size-thumbnail wp-post-image\" alt=\"Liste Saint-Lunaire c&#039;est Vous\" style=\"\" \/><\/a><\/div><a class=\"wp-block-latest-posts__post-title\" href=\"https:\/\/et-si-st-lunaire.fr\/?p=739\">La liste citoyenne \u00ab\u00a0Saint-Lunaire c&rsquo;est Vous\u00a0\u00bb est lanc\u00e9e !<\/a><div class=\"wp-block-latest-posts__post-author\">par Et Si Saint-Lunaire C&rsquo;\u00e9tait Vous&#8230;<\/div><time datetime=\"2025-12-30T16:57:33+01:00\" class=\"wp-block-latest-posts__post-date\">30 d\u00e9cembre 2025<\/time><div class=\"wp-block-latest-posts__post-excerpt\">Fruit de la dynamique de d\u00e9mocratie participative anim\u00e9e toute l\u2019ann\u00e9e 2025 par l\u2019association \u00ab Et si Saint-Lunaire c\u2019\u00e9tait Vous&#8230; \u00bb, une liste citoyenne voit le jour.\u2026 <a class=\"wp-block-latest-posts__read-more\" href=\"https:\/\/et-si-st-lunaire.fr\/?p=739\" rel=\"noopener noreferrer\">Lire la suite<span class=\"screen-reader-text\">\u00a0: La liste citoyenne \u00ab\u00a0Saint-Lunaire c&rsquo;est Vous\u00a0\u00bb est lanc\u00e9e !<\/span><\/a><\/div><\/li>\n<li><div class=\"wp-block-latest-posts__featured-image alignleft\"><a href=\"https:\/\/et-si-st-lunaire.fr\/?p=729\" aria-label=\"Consultation citoyenne, l&rsquo;heure du bilan\u00a0\"><img loading=\"lazy\" decoding=\"async\" width=\"150\" height=\"150\" src=\"https:\/\/et-si-st-lunaire.fr\/wp-content\/uploads\/2025\/05\/ambiance-5-150x150.jpeg\" class=\"attachment-thumbnail size-thumbnail wp-post-image\" alt=\"\" style=\"\" \/><\/a><\/div><a class=\"wp-block-latest-posts__post-title\" href=\"https:\/\/et-si-st-lunaire.fr\/?p=729\">Consultation citoyenne, l&rsquo;heure du bilan\u00a0<\/a><div class=\"wp-block-latest-posts__post-author\">par Et Si Saint-Lunaire C&rsquo;\u00e9tait Vous&#8230;<\/div><time datetime=\"2025-12-30T15:17:50+01:00\" class=\"wp-block-latest-posts__post-date\">30 d\u00e9cembre 2025<\/time><div class=\"wp-block-latest-posts__post-excerpt\">L&rsquo;ann\u00e9e 2025 aura \u00e9t\u00e9 marqu\u00e9e par une mobilisation hors du commun pour co-construire le Saint-Lunaire de demain, anim\u00e9e par l&rsquo;association \u00ab\u00a0Et si Saint-Lunaire c&rsquo;\u00e9tait Vous&#8230;\u00a0\u00bb. Retour\u2026 <a class=\"wp-block-latest-posts__read-more\" href=\"https:\/\/et-si-st-lunaire.fr\/?p=729\" rel=\"noopener noreferrer\">Lire la suite<span class=\"screen-reader-text\">\u00a0: Consultation citoyenne, l&rsquo;heure du bilan\u00a0<\/span><\/a><\/div><\/li>\n<li><div class=\"wp-block-latest-posts__featured-image alignleft\"><a href=\"https:\/\/et-si-st-lunaire.fr\/?p=688\" aria-label=\"Retour sur l&rsquo;apr\u00e8s-midi d&rsquo;accueil des nouveaux membres de l&rsquo;association, le 13 septembre\"><img loading=\"lazy\" decoding=\"async\" width=\"150\" height=\"150\" src=\"https:\/\/et-si-st-lunaire.fr\/wp-content\/uploads\/2025\/09\/PHOTO-2025-09-23-15-03-01-150x150.jpg\" class=\"attachment-thumbnail size-thumbnail wp-post-image\" alt=\"\" style=\"\" \/><\/a><\/div><a class=\"wp-block-latest-posts__post-title\" href=\"https:\/\/et-si-st-lunaire.fr\/?p=688\">Retour sur l&rsquo;apr\u00e8s-midi d&rsquo;accueil des nouveaux membres de l&rsquo;association, le 13 septembre<\/a><div class=\"wp-block-latest-posts__post-author\">par Et Si Saint-Lunaire C&rsquo;\u00e9tait Vous&#8230;<\/div><time datetime=\"2025-09-23T20:26:15+02:00\" class=\"wp-block-latest-posts__post-date\">23 septembre 2025<\/time><div class=\"wp-block-latest-posts__post-excerpt\">Aujourd&rsquo;hui, c&rsquo;est Cyrille qui porte la parole du groupe \u00ab\u00a0Accueil des nouveaux adh\u00e9rents\u00a0\u00bb et il le fait avec ma\u00eetrise et bienveillance. R\u00e9unis pour comprendre le fonctionnement\u2026 <a class=\"wp-block-latest-posts__read-more\" href=\"https:\/\/et-si-st-lunaire.fr\/?p=688\" rel=\"noopener noreferrer\">Lire la suite<span class=\"screen-reader-text\">\u00a0: Retour sur l&rsquo;apr\u00e8s-midi d&rsquo;accueil des nouveaux membres de l&rsquo;association, le 13 septembre<\/span><\/a><\/div><\/li>\n<li><div class=\"wp-block-latest-posts__featured-image alignleft\"><a href=\"https:\/\/et-si-st-lunaire.fr\/?p=306\" aria-label=\"La d\u00e9mocratie participative, c&rsquo;est quoi ?\"><img loading=\"lazy\" decoding=\"async\" width=\"150\" height=\"150\" src=\"https:\/\/et-si-st-lunaire.fr\/wp-content\/uploads\/2025\/03\/illustration-mains-150x150.png\" class=\"attachment-thumbnail size-thumbnail wp-post-image\" alt=\"La d\u00e9mocratie participative\" style=\"\" \/><\/a><\/div><a class=\"wp-block-latest-posts__post-title\" href=\"https:\/\/et-si-st-lunaire.fr\/?p=306\">La d\u00e9mocratie participative, c&rsquo;est quoi ?<\/a><div class=\"wp-block-latest-posts__post-author\">par Et Si Saint-Lunaire C&rsquo;\u00e9tait Vous&#8230;<\/div><time datetime=\"2025-03-19T20:27:38+01:00\" class=\"wp-block-latest-posts__post-date\">19 mars 2025<\/time><div class=\"wp-block-latest-posts__post-excerpt\">La d\u00e9mocratie participative est une forme de partage et d&rsquo;exercice du pouvoir, fond\u00e9e sur le renforcement de la participation des citoyens \u00e0 la prise de d\u00e9cision\u2026 <a class=\"wp-block-latest-posts__read-more\" href=\"https:\/\/et-si-st-lunaire.fr\/?p=306\" rel=\"noopener noreferrer\">Lire la suite<span class=\"screen-reader-text\">\u00a0: La d\u00e9mocratie participative, c&rsquo;est quoi ?<\/span><\/a><\/div><\/li>\n<\/ul><\/div>\n","protected":false},"excerpt":{"rendered":"<p>Nos actualit\u00e9s<\/p>\n","protected":false},"author":1,"featured_media":0,"parent":0,"menu_order":0,"comment_status":"closed","ping_status":"closed","template":"","meta":{"pgc_sgb_lightbox_settings":"","footnotes":""},"class_list":["post-130","page","type-page","status-publish","hentry"],"_links":{"self":[{"href":"https:\/\/et-si-st-lunaire.fr\/index.php?rest_route=\/wp\/v2\/pages\/130","targetHints":{"allow":["GET"]}}],"collection":[{"href":"https:\/\/et-si-st-lunaire.fr\/index.php?rest_route=\/wp\/v2\/pages"}],"about":[{"href":"https:\/\/et-si-st-lunaire.fr\/index.php?rest_route=\/wp\/v2\/types\/page"}],"author":[{"embeddable":true,"href":"https:\/\/et-si-st-lunaire.fr\/index.php?rest_route=\/wp\/v2\/users\/1"}],"replies":[{"embeddable":true,"href":"https:\/\/et-si-st-lunaire.fr\/index.php?rest_route=%2Fwp%2Fv2%2Fcomments&post=130"}],"version-history":[{"count":8,"href":"https:\/\/et-si-st-lunaire.fr\/index.php?rest_route=\/wp\/v2\/pages\/130\/revisions"}],"predecessor-version":[{"id":333,"href":"https:\/\/et-si-st-lunaire.fr\/index.php?rest_route=\/wp\/v2\/pages\/130\/revisions\/333"}],"wp:attachment":[{"href":"https:\/\/et-si-st-lunaire.fr\/index.php?rest_route=%2Fwp%2Fv2%2Fmedia&parent=130"}],"curies":[{"name":"wp","href":"https:\/\/api.w.org\/{rel}","templated":true}]}}